{"id":3911,"date":"2021-03-01T06:33:00","date_gmt":"2021-03-01T05:33:00","guid":{"rendered":"http:\/\/etresoi-e.com\/blog\/?page_id=3911"},"modified":"2021-02-28T23:02:52","modified_gmt":"2021-02-28T22:02:52","slug":"sadapter-a-la-societe","status":"publish","type":"page","link":"http:\/\/etresoi-e.com\/blog\/sadapter-a-la-societe\/","title":{"rendered":"S&rsquo;adapter \u00e0 la soci\u00e9t\u00e9"},"content":{"rendered":"\n<p class=\"has-text-align-center\">Bonjour,<\/p>\n\n\n\n<p class=\"has-text-align-center\">J\u2019esp\u00e8re que vous allez bien.<\/p>\n\n\n\n<p class=\"has-text-align-center\">Une personne m\u2019a dit derni\u00e8rement que mes publications n\u2019avaient absolument rien \u00e0 voir avec le sujet de ce blog. Et elle a enti\u00e8rement raison.<\/p>\n\n\n\n<p class=\"has-text-align-center\">J\u2019ai n\u2019ai pas pour habitude de publier des trucs \u00ab durs \u00bb ou alarmants parce que ce n\u2019est simplement pas mon \u00e9nergie \u2026 mais l\u00e0 j\u2019avoue, beaucoup de choses m\u2019interpellent. Aujourd\u2019hui je pense que se taire n\u2019est plus permis<\/p>\n\n\n\n<p class=\"has-text-align-center\">Pourquoi ? C\u2019est un ensemble de faits qui, mis bout \u00e0 bout, deviennent plut\u00f4t inqui\u00e9tants. Il y a un an, dire que cette soit-disant pand\u00e9mie \u00e9tait une manipulation pour v\u00e9rifier la soumission des peuples avec le but d\u2019imposer le nouvel ordre mondial avec des citoyens esclaves comme en Chine, et tous ceux qui n\u2019acceptent pas enferm\u00e9s dans des camps, c\u2019\u00e9tait \u00eatre complotiste \u2026 Et pourtant au fur et \u00e0 mesure des mois qui se sont \u00e9coul\u00e9s, ce sont toutes nos libert\u00e9s qui se sont r\u00e9tr\u00e9cies comme peau de chagrin.<\/p>\n\n\n\n<p class=\"has-text-align-center\">Me revient \u00e0 l&rsquo;esprit une citation qui m\u2019avait glac\u00e9e : \u00ab La meilleure fa\u00e7on de contr\u00f4ler un peuple et de le contr\u00f4ler compl\u00e8tement, c\u2019est de lui retirer un petit peu de ses libert\u00e9s \u00e0 la fois, pour rogner ses droits par milliers de r\u00e9ductions minuscules et presque imperceptibles. De cette fa\u00e7on, les gens ne verront pas qu\u2019on leur retire ces droits et ces libert\u00e9s jusqu\u2019au point o\u00f9 ces changements ne pourront plus \u00eatre invers\u00e9s \u00bb. Elle est d\u2019Adolph Hitler dans Mein Kampf. Je ne pensais jamais non plus citer Hitler sur mon mur Facebook ou sur ce blog ! Mais n\u2019est-il pas urgent que chacun se l\u00e8ve et refuse toute cette folie\u00a0? Si chacun reste tranquillement devant sa t\u00e9l\u00e9 \u00e0 \u00e9couter les idioties qui y sont racont\u00e9es depuis des mois, craint pour sa vie \u00e0 cause d\u2019une \u00ab\u00a0maladie\u00a0\u00bb qui n\u2019a pas fait plus de morts que la grippe le fait chaque ann\u00e9e (en sachant qu\u2019\u00e9trangement, la grippe est disparue avec l\u2019arriv\u00e9e de la Covid), bient\u00f4t nous vivrons comme en Chine. Si chacun attend docilement la d\u00e9cision suivante, tout en esp\u00e9rant qu\u2019il retrouvera sa \u00ab\u00a0vie d\u2019avant\u00a0\u00bb\u00a0 (en sachant qu\u2019ils ne la retrouveront jamais), nous allons vers la fin de l\u2019humanit\u00e9.<\/p>\n\n\n\n<p class=\"has-text-align-center\">O\u00f9 en sommes-nous de notre libert\u00e9 et du respect des droits fondamentaux ? De l&rsquo;\u00e9coute et de la compr\u00e9hension profonde du mouvement de la Vie sur cette plan\u00e8te ?<\/p>\n\n\n\n<p class=\"has-text-align-center\">A-t-on r\u00e9ussi \u00e0 nous faire tellement peur qu&rsquo;un sourire, se prendre la main ou m\u00eame respirer sont devenus une source de peur pour certains ? Et de contr\u00f4le pour d&rsquo;autres ?<\/p>\n\n\n\n<p class=\"has-text-align-center\">Des images extraites d\u2019un devoir distribu\u00e9 dans une \u00e9cole montrent les paroles d\u2019une comptine : \u00ab La condition requise pour aller mieux demain. Ne faites plus de bises. Ne serrez pas de mains \u2026 Comment peut-on imposer cela \u00e0 nos enfants&nbsp;? Comment peuvent ils vivre dans un monde pareil, dans la peur permanente de tuer leurs grand-parents&nbsp;?<\/p>\n\n\n\n<p class=\"has-text-align-center\">Alors je me pose la question : avons-nous tellement peur de la mort que nous pr\u00e9f\u00e9rons vivre comme des morts-vivants ? Christiane Singer disait : \u00ab La question n\u2019est pas de savoir s\u2019il y a une vie apr\u00e8s la mort mais si nous voulons vivre nos vies comme des morts-vivants ou entrer vivants dans la mort \u00bb.<\/p>\n\n\n\n<p class=\"has-text-align-center\">J\u2019entends certains dire oui on peut s\u2019adapter \u00e0 tout, ce n\u2019est pas si grave comme mesures et c\u2019est temporaire (temporaire depuis un an, peut-on toujours parler de temporaire ?). L\u2019adaptation est une formidable qualit\u00e9 de l\u2019\u00eatre humain. Mais \u00e0 quoi au juste, choisissons-nous de nous adapter ? Souhaitons-nous r\u00e9ellement nous adapter \u00e0 un contr\u00f4le intrusif de notre vie priv\u00e9e, de nos d\u00e9placements, \u00e0 un tra\u00e7age massif, \u00e0 vivre masqu\u00e9s, \u00e0 n&rsquo;avoir le droit que d&rsquo;\u00eatre format\u00e9 par l&rsquo;\u00e9ducation nationale pour travailler et \u00eatre euthanasi\u00e9 quand on n&rsquo;en est plus capable ? \u00c0 un vaccin obligatoire sans aucune garantie de la composition de celui-ci ? Ce vaccin est le jackpot pour les labos pharmas, qui tue nos a\u00een\u00e9s, et m\u00eame de jeunes adultes ou les laisse avec des effets secondaires qui d\u00e9truisent totalement leur vie.<\/p>\n\n\n\n<p class=\"has-text-align-center\">Alors non, je ne veux pas m\u2019adapter \u00e0 ce monde-l\u00e0.<\/p>\n\n\n\n<p>\u00a0<\/p>\n\n\n\n<figure class=\"wp-block-image size-large\"><img loading=\"lazy\" decoding=\"async\" width=\"605\" height=\"219\" src=\"http:\/\/etresoi-e.com\/blog\/wp-content\/uploads\/2021\/02\/image-47.png\" alt=\"\" class=\"wp-image-3912\" srcset=\"http:\/\/etresoi-e.com\/blog\/wp-content\/uploads\/2021\/02\/image-47.png 605w, http:\/\/etresoi-e.com\/blog\/wp-content\/uploads\/2021\/02\/image-47-300x109.png 300w, http:\/\/etresoi-e.com\/blog\/wp-content\/uploads\/2021\/02\/image-47-50x18.png 50w\" sizes=\"auto, (max-width: 605px) 100vw, 605px\" \/><\/figure>\n\n\n\n<p class=\"has-text-align-center\">Nous ne sommes pas oblig\u00e9s d&rsquo;adh\u00e9rer \u00e0 ce futur totalitaire, aseptis\u00e9 et contr\u00f4lant tous les aspects les plus intimes de notre vie. Dans sa chanson, Florent Pagny disait \u00ab vous n&rsquo;aurez pas ma libert\u00e9 de penser \u00bb. Et c&rsquo;est fondamental \u00e0 mes yeux. Aussi, vu que mon opinion est qu\u2019il faut partager des messages autres que ceux diffus\u00e9s par les m\u00e9dias qui mentent depuis bient\u00f4t un an, j\u2019ai fait ce choix. Je suis d\u00e9sol\u00e9e pour ceux qui n\u2019appr\u00e9cient pas. Je ne force personne \u00e0 me lire.<\/p>\n\n\n\n<p class=\"has-text-align-center\">Cependant je pose \u00e0 ces personnes qui me contactent pour me reprocher de sortir du sujet, une question qui me para\u00eet importante\u00a0: \u00ab\u00a0mes publications vous d\u00e9plaisent elles parce que vous vous attendez \u00e0 autre chose sur ce blog ou parce que vous pr\u00e9f\u00e9rez ignorer ce qui se passe et continuer \u00e0 fermer les yeux sur une v\u00e9rit\u00e9 qui vous d\u00e9range\u00a0?\u00a0\u00bb Je vous laisse r\u00e9pondre \u00e0 cette question \u00e0 vous-m\u00eame, je n\u2019attends pas de r\u00e9ponse.<\/p>\n\n\n\n<p class=\"has-text-align-center\">Personnellement, je pr\u00e9f\u00e8re continuer \u00e0 faire ma part de colibri et sais que, m\u00eame si mes publications ne touchent qu\u2019une seule personne, qu\u2019elle comprend la complexit\u00e9 de la situation, que la crise n\u2019a rien de sanitaire et que nous ne pouvons plus accepter l\u2019inacceptable. Si cette personne fait le choix, non pas de me croire sur paroles, mais de faire quelques recherches, et qu\u2019elle en parle autour d\u2019elle, aura lieu l\u2019effet papillon qui peut changer la face du monde.<\/p>\n\n\n\n<p class=\"has-text-align-center\">Pour l\u2019instant, j&rsquo;ai l&rsquo;atroce sensation qu&rsquo;on a b\u00e2illonn\u00e9 l&rsquo;humanit\u00e9 et qu\u2019elle se laisse faire mais jusqu\u2019\u00e0 quand ? Il est temps de se r\u00e9veiller. Je pense que c&rsquo;est le devoir de chacun de participer \u00e0 cet \u00e9veil collectif. <\/p>\n\n\n\n<p class=\"has-text-align-center\">Certes, le r\u00e9veil peut \u00eatre difficile car il demande de r\u00e9aliser que tout le monde est loin d&rsquo;\u00eatre bien intentionn\u00e9. Qu\u2019il y a effectivement des gens et\/ou des organismes qui profitent, par app\u00e2t du gain, sans m\u00eame se rendre compte qu\u2019ils ne sont que des pantins eux-m\u00eames.<\/p>\n\n\n\n<p class=\"has-text-align-center\">Il est clair que la peur et le stress sont des strat\u00e9gies efficacement utilis\u00e9es pour manipuler les citoyens et leur faire accepter des choses qu&rsquo;ils n&rsquo;auraient jamais accept\u00e9 trois semaines plus t\u00f4t. La \u00ab strat\u00e9gie du choc \u00bb est connue. Mais plus nous seront nombreux \u00e0 comprendre, et plus il sera possible de stopper ce g\u00e9nocide qui s\u2019installe insidieusement chaque jour.<\/p>\n\n\n\n<p class=\"has-text-align-center\">Sortirons nous de cet \u00e9tat de choc ? Dans de nombreux endroits \u00e0 travers le monde, des personnes se mobilisent et manifestent. Il est temps de retrouver notre droit \u00e0 des relations sociales libres et spontan\u00e9es, de respirer librement, de refaire confiance \u00e0 notre syst\u00e8me immunitaire, de regarder les maladies de mani\u00e8re moins anxiog\u00e8ne, de s\u2019informer correctement sur Pasteur et B\u00e9champ, de reconna\u00eetre que nous avons tous \u00e9t\u00e9 tromp\u00e9s.<\/p>\n\n\n\n<p class=\"has-text-align-center\">J\u2019ose esp\u00e9rer que dans une centaine d\u2019ann\u00e9es, en parlant de 2020, les gens diront : \u00ab C\u2019est fou, \u00e0 l\u2019\u00e9poque, ils croyaient vraiment qu\u2019en mettant un morceau de papier sur le nez et la bouche, ils se prot\u00e9geaient ? Les pauvres, ils ne savaient pas qu\u2019ils s\u2019affaiblissaient eux-m\u00eames en respirant leur propre monoxyde de carbone et en s\u2019imposant l\u2019hypoxie \u00bb.<\/p>\n\n\n\n<p class=\"has-text-align-center\">Mais pour en arriver l\u00e0, il est primordial de faire passer le message qui ne viendra jamais de nos dirigeants qui, \u00ab pour notre bien \u00bb nous entrainent dans une dictature tyrannique.<\/p>\n\n\n\n<p class=\"has-text-align-center\">Aussi, oui, je publie des articles qui n\u2019ont aucun lien avec le sujet de ce blog, et je continuerai de le faire tant que cela sera n\u00e9cessaire. Et, pour ceux qui veulent des articles sur des th\u00e8mes plus positifs, il reste des centaines d\u2019articles plus anciens qui peuvent continuer \u00e0 \u00eatre lus.<\/p>\n\n\n\n<p class=\"has-text-align-center\">Merci \u00e0 ceux qui veulent savoir et continuent de me lire. Merci \u00e0 vous de tenter d\u2019en parler autour de vous, oui je sais, c\u2019est loin d\u2019\u00eatre facile. Mais ce n\u2019est que de cette mani\u00e8re, en \u00e9tant unis, en transmettant l\u2019information vraie, que nous pouvons y arriver. Et bonne route \u00e0 ceux qui veulent partir, j&rsquo;ose esp\u00e9rer que vous avez bien compris o\u00f9 nous sommes, o\u00f9 nous risquons d&rsquo;aller si nous continuons de faire l&rsquo;autruche. Parce que c&rsquo;est tr\u00e8s bien de prendre soin de soi mais dans le syst\u00e8me de la Chine communiste, on n&rsquo;a pas le droit d&rsquo;utiliser ce type de techniques pour se faire du bien si le PCC ne l&rsquo;autorise pas et, aucune possibilit\u00e9 de le faire en cachette puisque tous les faits et gestes sont surveill\u00e9s en permanence. <\/p>\n\n\n\n<p class=\"has-text-align-center\">Prenez soin de vous<\/p>\n\n\n\n<p class=\"has-text-align-center\"><em>Mabelle \u00a0<\/em><\/p>\n","protected":false},"excerpt":{"rendered":"<p>Bonjour, J\u2019esp\u00e8re que vous allez bien. Une personne m\u2019a dit derni\u00e8rement que mes publications n\u2019avaient absolument rien \u00e0 voir avec le sujet de ce blog. Et elle a enti\u00e8rement raison. J\u2019ai n\u2019ai pas pour habitude de publier des trucs \u00ab durs \u00bb ou alarmants parce que ce n\u2019est simplement pas mon \u00e9nergie \u2026 mais l\u00e0 &hellip; <a href=\"http:\/\/etresoi-e.com\/blog\/sadapter-a-la-societe\/\" class=\"more-link\">Continuer la lecture de <span class=\"screen-reader-text\">S&rsquo;adapter \u00e0 la soci\u00e9t\u00e9<\/span>  <span class=\"meta-nav\">&rarr;<\/span><\/a><\/p>\n","protected":false},"author":3,"featured_media":0,"parent":0,"menu_order":0,"comment_status":"closed","ping_status":"closed","template":"","meta":{"_monsterinsights_skip_tracking":false,"_monsterinsights_sitenote_active":false,"_monsterinsights_sitenote_note":"","_monsterinsights_sitenote_category":0,"footnotes":""},"class_list":["post-3911","page","type-page","status-publish","hentry"],"aioseo_notices":[],"_links":{"self":[{"href":"http:\/\/etresoi-e.com\/blog\/wp-json\/wp\/v2\/pages\/3911","targetHints":{"allow":["GET"]}}],"collection":[{"href":"http:\/\/etresoi-e.com\/blog\/wp-json\/wp\/v2\/pages"}],"about":[{"href":"http:\/\/etresoi-e.com\/blog\/wp-json\/wp\/v2\/types\/page"}],"author":[{"embeddable":true,"href":"http:\/\/etresoi-e.com\/blog\/wp-json\/wp\/v2\/users\/3"}],"replies":[{"embeddable":true,"href":"http:\/\/etresoi-e.com\/blog\/wp-json\/wp\/v2\/comments?post=3911"}],"version-history":[{"count":1,"href":"http:\/\/etresoi-e.com\/blog\/wp-json\/wp\/v2\/pages\/3911\/revisions"}],"predecessor-version":[{"id":3913,"href":"http:\/\/etresoi-e.com\/blog\/wp-json\/wp\/v2\/pages\/3911\/revisions\/3913"}],"wp:attachment":[{"href":"http:\/\/etresoi-e.com\/blog\/wp-json\/wp\/v2\/media?parent=3911"}],"curies":[{"name":"wp","href":"https:\/\/api.w.org\/{rel}","templated":true}]}}